{"id":1413,"date":"2024-04-18T22:35:32","date_gmt":"2024-04-18T22:35:32","guid":{"rendered":"https:\/\/www.clubedetricot.com\/?post_type=product&#038;p=1413"},"modified":"2026-04-11T10:14:12","modified_gmt":"2026-04-11T10:14:12","slug":"baby-merino","status":"publish","type":"product","link":"https:\/\/www.clubedetricot.com\/?product=baby-merino","title":{"rendered":"Baby Merino"},"content":{"rendered":"<p><strong>Made in: <\/strong>EU<br \/>\n<strong>Origem da mat\u00e9ria-prima:<\/strong> L\u00e3 proveniente da Am\u00e9rica do Sul<\/p>\n<p class=\"oeko-text\">Este fio \u00e9 certificado pela Oeko-Tex\u00ae (n\u00famero de certificado 25.3.0110), Standard 100, Classe I pela INNOVATEXT TEXTILE ENGINEERING AND TESTING, HUNGARY. Isso significa que foi testado e que \u00e9 totalmente isento de subst\u00e2ncias perigosas e \u00e9 considerado seguro tanto para os humanos como a n\u00edvel ecol\u00f3gico. A Classe I \u00e9 o n\u00edvel de certifica\u00e7\u00e3o mais elevado e significa que o fio \u00e9 adequado para artigos de beb\u00e9s (idades 0-3 anos).<\/p>\n","protected":false},"excerpt":{"rendered":"<div class=\"row\">\n<div class=\"col-10 col-sm-10 col-md-8 col-lg-10\">\n<h3 class=\"ytitle\">L\u00e3 Merino extra fine com tratamento superwash<\/h3>\n<\/div>\n<\/div>\n<div class=\"row ypic\">\n<div class=\"col-12\">\n<p><strong>Composi\u00e7\u00e3o:<\/strong> 100% l\u00e3<br \/>\n<strong>Grupo de fios:<\/strong> <a href=\"https:\/\/www.garnstudio.com\/yarns.php?yarn-group=A&amp;cid=28\"> <u>A (23 &#8211; 26 malhas<\/u>) <\/a> \/ 5 ply \/ sport<br \/>\n<strong>Peso\/Metragem:<\/strong> 50 g = aprox. 175 m<br \/>\n<strong>Agulhas recomendadas:<\/strong> 3 mm<br \/>\n<strong>Gauge:<\/strong> 10 x 10 cm = 24 malhas x 32 carreiras<br \/>\n<strong>Manuten\u00e7\u00e3o<\/strong>: Lav\u00e1vel \u00e0 m\u00e1quina programa pe\u00e7as delicadas a temp. m\u00e1x, 40\u00b0C \/N\u00e3o usar amaciador\/ Secar na horizontal<br \/>\n<strong>Superwash:<\/strong> sim<\/p>\n<\/div>\n<\/div>\n","protected":false},"featured_media":2020,"comment_status":"open","ping_status":"closed","template":"","meta":{"ocean_post_layout":"","ocean_both_sidebars_style":"","ocean_both_sidebars_content_width":0,"ocean_both_sidebars_sidebars_width":0,"ocean_sidebar":"0","ocean_second_sidebar":"0","ocean_disable_margins":"enable","ocean_add_body_class":"","ocean_shortcode_before_top_bar":"","ocean_shortcode_after_top_bar":"","ocean_shortcode_before_header":"","ocean_shortcode_after_header":"","ocean_has_shortcode":"","ocean_shortcode_after_title":"","ocean_shortcode_before_footer_widgets":"","ocean_shortcode_after_footer_widgets":"","ocean_shortcode_before_footer_bottom":"","ocean_shortcode_after_footer_bottom":"","ocean_display_top_bar":"default","ocean_display_header":"default","ocean_header_style":"","ocean_center_header_left_menu":"0","ocean_custom_header_template":"0","ocean_custom_logo":0,"ocean_custom_retina_logo":0,"ocean_custom_logo_max_width":0,"ocean_custom_logo_tablet_max_width":0,"ocean_custom_logo_mobile_max_width":0,"ocean_custom_logo_max_height":0,"ocean_custom_logo_tablet_max_height":0,"ocean_custom_logo_mobile_max_height":0,"ocean_header_custom_menu":"0","ocean_menu_typo_font_family":"0","ocean_menu_typo_font_subset":"","ocean_menu_typo_font_size":0,"ocean_menu_typo_font_size_tablet":0,"ocean_menu_typo_font_size_mobile":0,"ocean_menu_typo_font_size_unit":"px","ocean_menu_typo_font_weight":"","ocean_menu_typo_font_weight_tablet":"","ocean_menu_typo_font_weight_mobile":"","ocean_menu_typo_transform":"","ocean_menu_typo_transform_tablet":"","ocean_menu_typo_transform_mobile":"","ocean_menu_typo_line_height":0,"ocean_menu_typo_line_height_tablet":0,"ocean_menu_typo_line_height_mobile":0,"ocean_menu_typo_line_height_unit":"","ocean_menu_typo_spacing":0,"ocean_menu_typo_spacing_tablet":0,"ocean_menu_typo_spacing_mobile":0,"ocean_menu_typo_spacing_unit":"","ocean_menu_link_color":"","ocean_menu_link_color_hover":"","ocean_menu_link_color_active":"","ocean_menu_link_background":"","ocean_menu_link_hover_background":"","ocean_menu_link_active_background":"","ocean_menu_social_links_bg":"","ocean_menu_social_hover_links_bg":"","ocean_menu_social_links_color":"","ocean_menu_social_hover_links_color":"","ocean_disable_title":"default","ocean_disable_heading":"default","ocean_post_title":"","ocean_post_subheading":"","ocean_post_title_style":"","ocean_post_title_background_color":"","ocean_post_title_background":0,"ocean_post_title_bg_image_position":"","ocean_post_title_bg_image_attachment":"","ocean_post_title_bg_image_repeat":"","ocean_post_title_bg_image_size":"","ocean_post_title_height":0,"ocean_post_title_bg_overlay":0.5,"ocean_post_title_bg_overlay_color":"","ocean_disable_breadcrumbs":"default","ocean_breadcrumbs_color":"","ocean_breadcrumbs_separator_color":"","ocean_breadcrumbs_links_color":"","ocean_breadcrumbs_links_hover_color":"","ocean_display_footer_widgets":"default","ocean_display_footer_bottom":"default","ocean_custom_footer_template":"0"},"product_cat":[535,46,81],"product_tag":[],"class_list":{"0":"post-1413","1":"product","2":"type-product","3":"status-publish","4":"has-post-thumbnail","6":"product_cat-la","7":"product_cat-superwash","8":"product_cat-bebe","10":"entry","11":"has-media","13":"first","14":"instock","15":"taxable","16":"shipping-taxable","17":"purchasable","18":"product-type-variable","19":"has-product-nav","20":"col","21":"span_1_of_4","22":"owp-content-center","23":"owp-thumbs-layout-horizontal","24":"owp-btn-normal","25":"owp-tabs-layout-horizontal"},"_links":{"self":[{"href":"https:\/\/www.clubedetricot.com\/index.php?rest_route=\/wp\/v2\/product\/1413","targetHints":{"allow":["GET"]}}],"collection":[{"href":"https:\/\/www.clubedetricot.com\/index.php?rest_route=\/wp\/v2\/product"}],"about":[{"href":"https:\/\/www.clubedetricot.com\/index.php?rest_route=\/wp\/v2\/types\/product"}],"replies":[{"embeddable":true,"href":"https:\/\/www.clubedetricot.com\/index.php?rest_route=%2Fwp%2Fv2%2Fcomments&post=1413"}],"version-history":[{"count":3,"href":"https:\/\/www.clubedetricot.com\/index.php?rest_route=\/wp\/v2\/product\/1413\/revisions"}],"predecessor-version":[{"id":4206,"href":"https:\/\/www.clubedetricot.com\/index.php?rest_route=\/wp\/v2\/product\/1413\/revisions\/4206"}],"wp:featuredmedia":[{"embeddable":true,"href":"https:\/\/www.clubedetricot.com\/index.php?rest_route=\/wp\/v2\/media\/2020"}],"wp:attachment":[{"href":"https:\/\/www.clubedetricot.com\/index.php?rest_route=%2Fwp%2Fv2%2Fmedia&parent=1413"}],"wp:term":[{"taxonomy":"product_cat","embeddable":true,"href":"https:\/\/www.clubedetricot.com\/index.php?rest_route=%2Fwp%2Fv2%2Fproduct_cat&post=1413"},{"taxonomy":"product_tag","embeddable":true,"href":"https:\/\/www.clubedetricot.com\/index.php?rest_route=%2Fwp%2Fv2%2Fproduct_tag&post=1413"}],"curies":[{"name":"wp","href":"https:\/\/api.w.org\/{rel}","templated":true}]}}