{"id":2095,"date":"2024-05-18T16:54:11","date_gmt":"2024-05-18T16:54:11","guid":{"rendered":"https:\/\/www.clubedetricot.com\/?post_type=product&#038;p=2095"},"modified":"2026-03-01T00:03:35","modified_gmt":"2026-03-01T00:03:35","slug":"daisy","status":"publish","type":"product","link":"https:\/\/www.clubedetricot.com\/?product=daisy","title":{"rendered":"Daisy"},"content":{"rendered":"<p><strong>Made in: <\/strong>Peru<br \/>\n<strong>Origem da mat\u00e9ria-prima:<\/strong> L\u00e3 proveniente da Am\u00e9rica do Sul<\/p>\n<p class=\"oeko-text\">O DROPS Daisy \u00e9 um fio suave sem tratamento superwash, fiado a partir de l\u00e3 100% merino extra fine. As fibras usadas neste fio n\u00e3o foram submetidas a quaisquer tratamentos, o que significa que foram apenas lavadas sem quaisquer tratamentos qu\u00edmicos antes de serem tingidas. Este processo real\u00e7a as qualidades naturais da l\u00e3, permitindo que as fibras respirem melhor e, por conseguinte, dando uma melhor estabilidade \u00e0 forma das pe\u00e7as e \u00e0 qualidade da sua textura.<\/p>\n<p>Feita com 4 cabos fiados juntamente, o que lhe d\u00e1 uma elasticidade extra, o DROPS Daisy rende pontos muito definidos, sendo especialmente indicado para modelos em ponto de arroz ou com torcidos e pontos texturados. Tem uma tens\u00e3o que equivale \u00e0 dos modelos criados para os fios DROPS Karisma, DROPS Lima, DROPS Cotton Merino e DROPS Merino Extra Fine (Grupo de Fios B).<br \/>\nA fia\u00e7\u00e3o especial deste fio tamb\u00e9m faz com que seja muito importante dar o devido tratamento \u00e0s pe\u00e7as tricotadas com ele: certifique-se de que obt\u00e9m a tens\u00e3o correcta em tric\u00f4 \u2013 opte sempre por uma tens\u00e3o mais apertada do que uma tens\u00e3o mais larga e siga as instru\u00e7\u00f5es de lavagem.<\/p>\n<p>A forma especial de fia\u00e7\u00e3o destas fibras finas e delicadas conferem uma superf\u00edcie algo sens\u00edvel \u00e0 pe\u00e7a, o que torna este fio mais adequado a pe\u00e7as finas por oposi\u00e7\u00e3o a camisolas desportivas.\u00a0 \u00c9 tamb\u00e9m muito importante cuidar devidamente da pe\u00e7a: certifique-se sempre de que obt\u00e9m a tens\u00e3o correcta ao tricotar &#8211; ou opte por uma tens\u00e3o mais apertada do que larga e siga as instru\u00e7\u00f5es de lavagem.<\/p>\n<p>Tal como com todos os nossos outros fios merino, esta l\u00e3 merino do DROPS Daisy \u00e9 proveniente de animais criados ao ar livre na Am\u00e9rica do Sul e que n\u00e3o sujeitos \u00e0 tosquia mulesing.<\/p>\n","protected":false},"excerpt":{"rendered":"<div class=\"row\">\n<div class=\"col-10 col-sm-10 col-md-8 col-lg-10\"><\/div>\n<\/div>\n<div class=\"row ypic\">\n<div class=\"col-12\">\n<div class=\"row\">\n<div class=\"col-10 col-sm-10 col-md-8 col-lg-10\">\n<h3 class=\"ytitle\">Suavidade no dia-a-dia com l\u00e3 merino pura<\/h3>\n<\/div>\n<\/div>\n<div class=\"row ypic\">\n<div class=\"col-12\">\n<p><strong>Composi\u00e7\u00e3o:<\/strong> 100% l\u00e3<br \/>\n<strong>Grupo de fios:<\/strong> <a href=\"https:\/\/www.garnstudio.com\/yarns.php?yarn-group=B&amp;cid=28\"> <u>B (20 &#8211; 22 malhas<\/u>) <\/a> \/ 8 ply \/ DK<br \/>\n<strong>Peso\/Metragem:<\/strong> 50 g = aprox. 110 m<br \/>\n<strong>Agulhas recomendadas:<\/strong> 4 mm<br \/>\n<strong>Gauge:<\/strong> 10 x 10 cm = 21 malhas x 28 carreiras<br \/>\n<strong>Manuten\u00e7\u00e3o<\/strong>: Lavar \u00e0 m\u00e3o \u00e0 temperatura m\u00e1xima de 30\u00baC\/Secar na horizontal \/ <u><a href=\"https:\/\/www.garnstudio.com\/felting-tips.php?cid=28\">Para feltragem<\/a><\/u><br \/>\n<strong>Superwash:<\/strong> n\u00e3o<\/p>\n<\/div>\n<\/div>\n<\/div>\n<\/div>\n","protected":false},"featured_media":2100,"comment_status":"open","ping_status":"closed","template":"","meta":{"ocean_post_layout":"","ocean_both_sidebars_style":"","ocean_both_sidebars_content_width":0,"ocean_both_sidebars_sidebars_width":0,"ocean_sidebar":"0","ocean_second_sidebar":"0","ocean_disable_margins":"enable","ocean_add_body_class":"","ocean_shortcode_before_top_bar":"","ocean_shortcode_after_top_bar":"","ocean_shortcode_before_header":"","ocean_shortcode_after_header":"","ocean_has_shortcode":"","ocean_shortcode_after_title":"","ocean_shortcode_before_footer_widgets":"","ocean_shortcode_after_footer_widgets":"","ocean_shortcode_before_footer_bottom":"","ocean_shortcode_after_footer_bottom":"","ocean_display_top_bar":"default","ocean_display_header":"default","ocean_header_style":"","ocean_center_header_left_menu":"0","ocean_custom_header_template":"0","ocean_custom_logo":0,"ocean_custom_retina_logo":0,"ocean_custom_logo_max_width":0,"ocean_custom_logo_tablet_max_width":0,"ocean_custom_logo_mobile_max_width":0,"ocean_custom_logo_max_height":0,"ocean_custom_logo_tablet_max_height":0,"ocean_custom_logo_mobile_max_height":0,"ocean_header_custom_menu":"0","ocean_menu_typo_font_family":"0","ocean_menu_typo_font_subset":"","ocean_menu_typo_font_size":0,"ocean_menu_typo_font_size_tablet":0,"ocean_menu_typo_font_size_mobile":0,"ocean_menu_typo_font_size_unit":"px","ocean_menu_typo_font_weight":"","ocean_menu_typo_font_weight_tablet":"","ocean_menu_typo_font_weight_mobile":"","ocean_menu_typo_transform":"","ocean_menu_typo_transform_tablet":"","ocean_menu_typo_transform_mobile":"","ocean_menu_typo_line_height":0,"ocean_menu_typo_line_height_tablet":0,"ocean_menu_typo_line_height_mobile":0,"ocean_menu_typo_line_height_unit":"","ocean_menu_typo_spacing":0,"ocean_menu_typo_spacing_tablet":0,"ocean_menu_typo_spacing_mobile":0,"ocean_menu_typo_spacing_unit":"","ocean_menu_link_color":"","ocean_menu_link_color_hover":"","ocean_menu_link_color_active":"","ocean_menu_link_background":"","ocean_menu_link_hover_background":"","ocean_menu_link_active_background":"","ocean_menu_social_links_bg":"","ocean_menu_social_hover_links_bg":"","ocean_menu_social_links_color":"","ocean_menu_social_hover_links_color":"","ocean_disable_title":"default","ocean_disable_heading":"default","ocean_post_title":"","ocean_post_subheading":"","ocean_post_title_style":"","ocean_post_title_background_color":"","ocean_post_title_background":0,"ocean_post_title_bg_image_position":"","ocean_post_title_bg_image_attachment":"","ocean_post_title_bg_image_repeat":"","ocean_post_title_bg_image_size":"","ocean_post_title_height":0,"ocean_post_title_bg_overlay":0.5,"ocean_post_title_bg_overlay_color":"","ocean_disable_breadcrumbs":"default","ocean_breadcrumbs_color":"","ocean_breadcrumbs_separator_color":"","ocean_breadcrumbs_links_color":"","ocean_breadcrumbs_links_hover_color":"","ocean_display_footer_widgets":"default","ocean_display_footer_bottom":"default","ocean_custom_footer_template":"0"},"product_cat":[539,535],"product_tag":[],"class_list":{"0":"post-2095","1":"product","2":"type-product","3":"status-publish","4":"has-post-thumbnail","6":"product_cat-para-feltrar","7":"product_cat-la","9":"entry","10":"has-media","12":"first","13":"instock","14":"taxable","15":"shipping-taxable","16":"purchasable","17":"product-type-variable","18":"has-product-nav","19":"col","20":"span_1_of_4","21":"owp-content-center","22":"owp-thumbs-layout-horizontal","23":"owp-btn-normal","24":"owp-tabs-layout-horizontal"},"_links":{"self":[{"href":"https:\/\/www.clubedetricot.com\/index.php?rest_route=\/wp\/v2\/product\/2095","targetHints":{"allow":["GET"]}}],"collection":[{"href":"https:\/\/www.clubedetricot.com\/index.php?rest_route=\/wp\/v2\/product"}],"about":[{"href":"https:\/\/www.clubedetricot.com\/index.php?rest_route=\/wp\/v2\/types\/product"}],"replies":[{"embeddable":true,"href":"https:\/\/www.clubedetricot.com\/index.php?rest_route=%2Fwp%2Fv2%2Fcomments&post=2095"}],"version-history":[{"count":6,"href":"https:\/\/www.clubedetricot.com\/index.php?rest_route=\/wp\/v2\/product\/2095\/revisions"}],"predecessor-version":[{"id":4209,"href":"https:\/\/www.clubedetricot.com\/index.php?rest_route=\/wp\/v2\/product\/2095\/revisions\/4209"}],"wp:featuredmedia":[{"embeddable":true,"href":"https:\/\/www.clubedetricot.com\/index.php?rest_route=\/wp\/v2\/media\/2100"}],"wp:attachment":[{"href":"https:\/\/www.clubedetricot.com\/index.php?rest_route=%2Fwp%2Fv2%2Fmedia&parent=2095"}],"wp:term":[{"taxonomy":"product_cat","embeddable":true,"href":"https:\/\/www.clubedetricot.com\/index.php?rest_route=%2Fwp%2Fv2%2Fproduct_cat&post=2095"},{"taxonomy":"product_tag","embeddable":true,"href":"https:\/\/www.clubedetricot.com\/index.php?rest_route=%2Fwp%2Fv2%2Fproduct_tag&post=2095"}],"curies":[{"name":"wp","href":"https:\/\/api.w.org\/{rel}","templated":true}]}}