{"id":2119,"date":"2024-05-18T17:11:56","date_gmt":"2024-05-18T17:11:56","guid":{"rendered":"https:\/\/www.clubedetricot.com\/?post_type=product&#038;p=2119"},"modified":"2025-03-19T18:12:55","modified_gmt":"2025-03-19T18:12:55","slug":"glitter","status":"publish","type":"product","link":"https:\/\/www.clubedetricot.com\/?product=glitter","title":{"rendered":"Glitter"},"content":{"rendered":"<p><strong>Made in: <\/strong>EU<br \/>\n<strong>Origem da mat\u00e9ria-prima:<\/strong> Fio cupro e metalizado proveniente da Turquia<\/p>\n<p>Um fio cintilante em bobinas de 10 gr, o DROPS Glitter, proporciona a forma ideal para tornar qualquer modelo deslumbrante!<\/p>\n<p>Associado a quase todas as qualidades de fios, dar\u00e1 \u00e0s pe\u00e7as um efeito reluzente e cintilante.<\/p>\n<p>Para refer\u00eancia quanto \u00e0s quantidades a usar, um pul\u00f4ver para adulto precisa, em m\u00e9dia, de cerca de 1-2 bobinas do DROPS Glitter.<\/p>\n","protected":false},"excerpt":{"rendered":"<div class=\"row\">\n<div class=\"col-10 col-sm-10 col-md-8 col-lg-10\"><\/div>\n<\/div>\n<div class=\"row ypic\">\n<div class=\"col-12\">\n<div class=\"row\">\n<div class=\"col-10 col-sm-10 col-md-8 col-lg-10\">\n<h3 class=\"ytitle\">Adicione brilho!<\/h3>\n<\/div>\n<\/div>\n<div class=\"row ypic\">\n<div class=\"col-12\">\n<p><strong>Composi\u00e7\u00e3o:<\/strong> 60% cupro, 40% metal<br \/>\n<strong>Peso\/Metragem:<\/strong> 10 g = aprox. 700 m<br \/>\n<strong>Manuten\u00e7\u00e3o<\/strong>: Lavar \u00e0 m\u00e3o \u00e0 temperatura m\u00e1xima de 30\u00b0C<\/p>\n<\/div>\n<\/div>\n<\/div>\n<\/div>\n","protected":false},"featured_media":2125,"comment_status":"open","ping_status":"closed","template":"","meta":{"ocean_post_layout":"","ocean_both_sidebars_style":"","ocean_both_sidebars_content_width":0,"ocean_both_sidebars_sidebars_width":0,"ocean_sidebar":"0","ocean_second_sidebar":"0","ocean_disable_margins":"enable","ocean_add_body_class":"","ocean_shortcode_before_top_bar":"","ocean_shortcode_after_top_bar":"","ocean_shortcode_before_header":"","ocean_shortcode_after_header":"","ocean_has_shortcode":"","ocean_shortcode_after_title":"","ocean_shortcode_before_footer_widgets":"","ocean_shortcode_after_footer_widgets":"","ocean_shortcode_before_footer_bottom":"","ocean_shortcode_after_footer_bottom":"","ocean_display_top_bar":"default","ocean_display_header":"default","ocean_header_style":"","ocean_center_header_left_menu":"0","ocean_custom_header_template":"0","ocean_custom_logo":0,"ocean_custom_retina_logo":0,"ocean_custom_logo_max_width":0,"ocean_custom_logo_tablet_max_width":0,"ocean_custom_logo_mobile_max_width":0,"ocean_custom_logo_max_height":0,"ocean_custom_logo_tablet_max_height":0,"ocean_custom_logo_mobile_max_height":0,"ocean_header_custom_menu":"0","ocean_menu_typo_font_family":"0","ocean_menu_typo_font_subset":"","ocean_menu_typo_font_size":0,"ocean_menu_typo_font_size_tablet":0,"ocean_menu_typo_font_size_mobile":0,"ocean_menu_typo_font_size_unit":"px","ocean_menu_typo_font_weight":"","ocean_menu_typo_font_weight_tablet":"","ocean_menu_typo_font_weight_mobile":"","ocean_menu_typo_transform":"","ocean_menu_typo_transform_tablet":"","ocean_menu_typo_transform_mobile":"","ocean_menu_typo_line_height":0,"ocean_menu_typo_line_height_tablet":0,"ocean_menu_typo_line_height_mobile":0,"ocean_menu_typo_line_height_unit":"","ocean_menu_typo_spacing":0,"ocean_menu_typo_spacing_tablet":0,"ocean_menu_typo_spacing_mobile":0,"ocean_menu_typo_spacing_unit":"","ocean_menu_link_color":"","ocean_menu_link_color_hover":"","ocean_menu_link_color_active":"","ocean_menu_link_background":"","ocean_menu_link_hover_background":"","ocean_menu_link_active_background":"","ocean_menu_social_links_bg":"","ocean_menu_social_hover_links_bg":"","ocean_menu_social_links_color":"","ocean_menu_social_hover_links_color":"","ocean_disable_title":"default","ocean_disable_heading":"default","ocean_post_title":"","ocean_post_subheading":"","ocean_post_title_style":"","ocean_post_title_background_color":"","ocean_post_title_background":0,"ocean_post_title_bg_image_position":"","ocean_post_title_bg_image_attachment":"","ocean_post_title_bg_image_repeat":"","ocean_post_title_bg_image_size":"","ocean_post_title_height":0,"ocean_post_title_bg_overlay":0.5,"ocean_post_title_bg_overlay_color":"","ocean_disable_breadcrumbs":"default","ocean_breadcrumbs_color":"","ocean_breadcrumbs_separator_color":"","ocean_breadcrumbs_links_color":"","ocean_breadcrumbs_links_hover_color":"","ocean_display_footer_widgets":"default","ocean_display_footer_bottom":"default","ocean_custom_footer_template":"0"},"product_cat":[55],"product_tag":[],"class_list":{"0":"post-2119","1":"product","2":"type-product","3":"status-publish","4":"has-post-thumbnail","6":"product_cat-brilho","8":"entry","9":"has-media","11":"first","12":"instock","13":"taxable","14":"shipping-taxable","15":"purchasable","16":"product-type-variable","17":"has-product-nav","18":"col","19":"span_1_of_4","20":"owp-content-center","21":"owp-thumbs-layout-horizontal","22":"owp-btn-normal","23":"owp-tabs-layout-horizontal"},"_links":{"self":[{"href":"https:\/\/www.clubedetricot.com\/index.php?rest_route=\/wp\/v2\/product\/2119","targetHints":{"allow":["GET"]}}],"collection":[{"href":"https:\/\/www.clubedetricot.com\/index.php?rest_route=\/wp\/v2\/product"}],"about":[{"href":"https:\/\/www.clubedetricot.com\/index.php?rest_route=\/wp\/v2\/types\/product"}],"replies":[{"embeddable":true,"href":"https:\/\/www.clubedetricot.com\/index.php?rest_route=%2Fwp%2Fv2%2Fcomments&post=2119"}],"version-history":[{"count":3,"href":"https:\/\/www.clubedetricot.com\/index.php?rest_route=\/wp\/v2\/product\/2119\/revisions"}],"predecessor-version":[{"id":3383,"href":"https:\/\/www.clubedetricot.com\/index.php?rest_route=\/wp\/v2\/product\/2119\/revisions\/3383"}],"wp:featuredmedia":[{"embeddable":true,"href":"https:\/\/www.clubedetricot.com\/index.php?rest_route=\/wp\/v2\/media\/2125"}],"wp:attachment":[{"href":"https:\/\/www.clubedetricot.com\/index.php?rest_route=%2Fwp%2Fv2%2Fmedia&parent=2119"}],"wp:term":[{"taxonomy":"product_cat","embeddable":true,"href":"https:\/\/www.clubedetricot.com\/index.php?rest_route=%2Fwp%2Fv2%2Fproduct_cat&post=2119"},{"taxonomy":"product_tag","embeddable":true,"href":"https:\/\/www.clubedetricot.com\/index.php?rest_route=%2Fwp%2Fv2%2Fproduct_tag&post=2119"}],"curies":[{"name":"wp","href":"https:\/\/api.w.org\/{rel}","templated":true}]}}