{"id":2150,"date":"2024-05-18T17:27:10","date_gmt":"2024-05-18T17:27:10","guid":{"rendered":"https:\/\/www.clubedetricot.com\/?post_type=product&#038;p=2150"},"modified":"2026-04-16T17:40:29","modified_gmt":"2026-04-16T17:40:29","slug":"loves-you-7","status":"publish","type":"product","link":"https:\/\/www.clubedetricot.com\/?product=loves-you-7","title":{"rendered":"Loves You 7"},"content":{"rendered":"<p><strong>Made in: <\/strong>EU<br \/>\n<strong>Origem da mat\u00e9ria-prima:<\/strong> Algod\u00e3o proveniente da Turquia<\/p>\n<p class=\"oeko-text\">O DROPS \u2665 You #7 \u00e9 um fio cl\u00e1ssico em puro algod\u00e3o 8\/4, ideal para jogar com os tons!<\/p>\n<p>Ideal para grandes projectos para decorar a casa tais como mantas tapetes &#8211; e tem um pre\u00e7o t\u00e3o acess\u00edvel! &#8211; , bem como pe\u00e7as de Ver\u00e3o, acess\u00f3rios e engra\u00e7ados brinquedos em croch\u00e9, esta edi\u00e7\u00e3o DROPS \u2665 You \u00e9 lav\u00e1vel na m\u00e1quina o que significa que \u00e9 perfeita para uso di\u00e1rio e, claro est\u00e1, para roupas de crian\u00e7a!<\/p>\n<p>Por fazer parte do Grupo de Fios A, o DROPS \u2665 You #7 pode ser usado em centenas de modelos dispon\u00edveis no nosso site, sendo particularmente indicado como alternativa aos modelos feitos com o fio DROPS Safran.<\/p>\n<p>&nbsp;<\/p>\n<p><strong>\u00a0<\/strong><\/p>\n","protected":false},"excerpt":{"rendered":"<div class=\"row\">\n<div class=\"col-10 col-sm-10 col-md-8 col-lg-10\">\n<h3 class=\"ytitle\">Um algod\u00e3o 8\/4 cl\u00e1ssico<\/h3>\n<\/div>\n<\/div>\n<div class=\"row ypic\">\n<div class=\"col-12\">\n<p><strong>Composi\u00e7\u00e3o:<\/strong> 100% Algod\u00e3o<br \/>\n<strong>Grupo de fios:<\/strong> <a href=\"https:\/\/www.garnstudio.com\/yarns.php?yarn-group=A&amp;cid=28\"> <u>A (23 &#8211; 26 malhas<\/u>) <\/a> \/ 5 ply \/ sport<br \/>\n<strong>Peso\/Metragem:<\/strong> 50 g = aprox. 170 m<br \/>\n<strong>Agulhas recomendadas:<\/strong> 3,5 mm<br \/>\n<strong>Gauge:<\/strong> 10 x 10 cm = 23 malhas x 30 carreiras<br \/>\n<strong>Manuten\u00e7\u00e3o<\/strong>: Lavar \u00e0 m\u00e1quina a 40\u00baC com centifuga\u00e7\u00e3o baixa\/Secar na horizontal<\/p>\n<\/div>\n<\/div>\n<p>&nbsp;<\/p>\n","protected":false},"featured_media":2154,"comment_status":"open","ping_status":"closed","template":"","meta":{"ocean_post_layout":"","ocean_both_sidebars_style":"","ocean_both_sidebars_content_width":0,"ocean_both_sidebars_sidebars_width":0,"ocean_sidebar":"0","ocean_second_sidebar":"0","ocean_disable_margins":"enable","ocean_add_body_class":"","ocean_shortcode_before_top_bar":"","ocean_shortcode_after_top_bar":"","ocean_shortcode_before_header":"","ocean_shortcode_after_header":"","ocean_has_shortcode":"","ocean_shortcode_after_title":"","ocean_shortcode_before_footer_widgets":"","ocean_shortcode_after_footer_widgets":"","ocean_shortcode_before_footer_bottom":"","ocean_shortcode_after_footer_bottom":"","ocean_display_top_bar":"default","ocean_display_header":"default","ocean_header_style":"","ocean_center_header_left_menu":"0","ocean_custom_header_template":"0","ocean_custom_logo":0,"ocean_custom_retina_logo":0,"ocean_custom_logo_max_width":0,"ocean_custom_logo_tablet_max_width":0,"ocean_custom_logo_mobile_max_width":0,"ocean_custom_logo_max_height":0,"ocean_custom_logo_tablet_max_height":0,"ocean_custom_logo_mobile_max_height":0,"ocean_header_custom_menu":"0","ocean_menu_typo_font_family":"0","ocean_menu_typo_font_subset":"","ocean_menu_typo_font_size":0,"ocean_menu_typo_font_size_tablet":0,"ocean_menu_typo_font_size_mobile":0,"ocean_menu_typo_font_size_unit":"px","ocean_menu_typo_font_weight":"","ocean_menu_typo_font_weight_tablet":"","ocean_menu_typo_font_weight_mobile":"","ocean_menu_typo_transform":"","ocean_menu_typo_transform_tablet":"","ocean_menu_typo_transform_mobile":"","ocean_menu_typo_line_height":0,"ocean_menu_typo_line_height_tablet":0,"ocean_menu_typo_line_height_mobile":0,"ocean_menu_typo_line_height_unit":"","ocean_menu_typo_spacing":0,"ocean_menu_typo_spacing_tablet":0,"ocean_menu_typo_spacing_mobile":0,"ocean_menu_typo_spacing_unit":"","ocean_menu_link_color":"","ocean_menu_link_color_hover":"","ocean_menu_link_color_active":"","ocean_menu_link_background":"","ocean_menu_link_hover_background":"","ocean_menu_link_active_background":"","ocean_menu_social_links_bg":"","ocean_menu_social_hover_links_bg":"","ocean_menu_social_links_color":"","ocean_menu_social_hover_links_color":"","ocean_disable_title":"default","ocean_disable_heading":"default","ocean_post_title":"","ocean_post_subheading":"","ocean_post_title_style":"","ocean_post_title_background_color":"","ocean_post_title_background":0,"ocean_post_title_bg_image_position":"","ocean_post_title_bg_image_attachment":"","ocean_post_title_bg_image_repeat":"","ocean_post_title_bg_image_size":"","ocean_post_title_height":0,"ocean_post_title_bg_overlay":0.5,"ocean_post_title_bg_overlay_color":"","ocean_disable_breadcrumbs":"default","ocean_breadcrumbs_color":"","ocean_breadcrumbs_separator_color":"","ocean_breadcrumbs_links_color":"","ocean_breadcrumbs_links_hover_color":"","ocean_display_footer_widgets":"default","ocean_display_footer_bottom":"default","ocean_custom_footer_template":"0"},"product_cat":[533],"product_tag":[],"class_list":{"0":"post-2150","1":"product","2":"type-product","3":"status-publish","4":"has-post-thumbnail","6":"product_cat-algodao","8":"entry","9":"has-media","11":"first","12":"instock","13":"taxable","14":"shipping-taxable","15":"purchasable","16":"product-type-variable","17":"has-product-nav","18":"col","19":"span_1_of_4","20":"owp-content-center","21":"owp-thumbs-layout-horizontal","22":"owp-btn-normal","23":"owp-tabs-layout-horizontal"},"_links":{"self":[{"href":"https:\/\/www.clubedetricot.com\/index.php?rest_route=\/wp\/v2\/product\/2150","targetHints":{"allow":["GET"]}}],"collection":[{"href":"https:\/\/www.clubedetricot.com\/index.php?rest_route=\/wp\/v2\/product"}],"about":[{"href":"https:\/\/www.clubedetricot.com\/index.php?rest_route=\/wp\/v2\/types\/product"}],"replies":[{"embeddable":true,"href":"https:\/\/www.clubedetricot.com\/index.php?rest_route=%2Fwp%2Fv2%2Fcomments&post=2150"}],"version-history":[{"count":7,"href":"https:\/\/www.clubedetricot.com\/index.php?rest_route=\/wp\/v2\/product\/2150\/revisions"}],"predecessor-version":[{"id":4258,"href":"https:\/\/www.clubedetricot.com\/index.php?rest_route=\/wp\/v2\/product\/2150\/revisions\/4258"}],"wp:featuredmedia":[{"embeddable":true,"href":"https:\/\/www.clubedetricot.com\/index.php?rest_route=\/wp\/v2\/media\/2154"}],"wp:attachment":[{"href":"https:\/\/www.clubedetricot.com\/index.php?rest_route=%2Fwp%2Fv2%2Fmedia&parent=2150"}],"wp:term":[{"taxonomy":"product_cat","embeddable":true,"href":"https:\/\/www.clubedetricot.com\/index.php?rest_route=%2Fwp%2Fv2%2Fproduct_cat&post=2150"},{"taxonomy":"product_tag","embeddable":true,"href":"https:\/\/www.clubedetricot.com\/index.php?rest_route=%2Fwp%2Fv2%2Fproduct_tag&post=2150"}],"curies":[{"name":"wp","href":"https:\/\/api.w.org\/{rel}","templated":true}]}}