{"id":2206,"date":"2024-05-18T17:54:11","date_gmt":"2024-05-18T17:54:11","guid":{"rendered":"https:\/\/www.clubedetricot.com\/?post_type=product&#038;p=2206"},"modified":"2026-03-01T00:03:35","modified_gmt":"2026-03-01T00:03:35","slug":"nord","status":"publish","type":"product","link":"https:\/\/www.clubedetricot.com\/?product=nord","title":{"rendered":"Nord"},"content":{"rendered":"<p><strong>Made in: <\/strong>Peru<br \/>\n<strong>Origem da mat\u00e9ria-prima:<\/strong> Alpaca e l\u00e3 proveniente da Am\u00e9rica do Sul, poliamida da Alemanha<\/p>\n<p class=\"oeko-text\">Este fio \u00e9 certificado pela Oeko-Tex\u00ae (n\u00famero de certificado 23.HPE.36896), Standard 100, Classe II pela Hohenstein Institute. Isso significa que foi testado e que \u00e9 totalmente isento de subst\u00e2ncias perigosas e \u00e9 considerado seguro tanto para os humanos como a n\u00edvel ecol\u00f3gico. A Classe II significa que o fio \u00e9 adequado para estar em contacto directo com a pele em grandes extens\u00f5es de tecido, tais como blusas, camisas, colch\u00f5es, etc.<\/p>\n","protected":false},"excerpt":{"rendered":"<div class=\"row ypic\">\n<div class=\"col-12\">\n<div class=\"row ypic\">\n<div class=\"col-12\">\n<div class=\"row ypic\">\n<div class=\"col-12\">\n<div class=\"row ypic\">\n<div class=\"col-12\">\n<div class=\"row\">\n<div class=\"col-10 col-sm-10 col-md-8 col-lg-10\">\n<h3 class=\"ytitle\">Suave e dur\u00e1vel em alpaca, l\u00e3 e poliamida<\/h3>\n<\/div>\n<\/div>\n<div class=\"row ypic\">\n<div class=\"col-12\">\n<p><strong>Composi\u00e7\u00e3o:<\/strong> 45% alpaca, 30% poliamida, 25% l\u00e3<br \/>\n<strong>Grupo de fios:<\/strong> <a href=\"https:\/\/www.garnstudio.com\/yarns.php?yarn-group=A&amp;cid=28\"> <u>A (23 &#8211; 26 malhas<\/u>) <\/a> \/ 4 ply \/ fingering<br \/>\n<strong>Peso\/Metragem:<\/strong> 50 g = aprox. 170 m<br \/>\n<strong>Agulhas recomendadas:<\/strong> 3 mm<br \/>\n<strong>Gauge:<\/strong> 10 x 10 cm = 24 malhas x 32 carreiras<br \/>\n<strong>Manuten\u00e7\u00e3o<\/strong>: Lavar \u00e0 m\u00e3o \u00e0 temperatura m\u00e1xima de 30\u00b0C \/ Secar na horizontal<br \/>\n<strong>Superwash:<\/strong> n\u00e3o<\/p>\n<\/div>\n<\/div>\n<\/div>\n<\/div>\n<\/div>\n<\/div>\n<\/div>\n<\/div>\n<\/div>\n<\/div>\n","protected":false},"featured_media":2210,"comment_status":"open","ping_status":"closed","template":"","meta":{"ocean_post_layout":"","ocean_both_sidebars_style":"","ocean_both_sidebars_content_width":0,"ocean_both_sidebars_sidebars_width":0,"ocean_sidebar":"0","ocean_second_sidebar":"0","ocean_disable_margins":"enable","ocean_add_body_class":"","ocean_shortcode_before_top_bar":"","ocean_shortcode_after_top_bar":"","ocean_shortcode_before_header":"","ocean_shortcode_after_header":"","ocean_has_shortcode":"","ocean_shortcode_after_title":"","ocean_shortcode_before_footer_widgets":"","ocean_shortcode_after_footer_widgets":"","ocean_shortcode_before_footer_bottom":"","ocean_shortcode_after_footer_bottom":"","ocean_display_top_bar":"default","ocean_display_header":"default","ocean_header_style":"","ocean_center_header_left_menu":"0","ocean_custom_header_template":"0","ocean_custom_logo":0,"ocean_custom_retina_logo":0,"ocean_custom_logo_max_width":0,"ocean_custom_logo_tablet_max_width":0,"ocean_custom_logo_mobile_max_width":0,"ocean_custom_logo_max_height":0,"ocean_custom_logo_tablet_max_height":0,"ocean_custom_logo_mobile_max_height":0,"ocean_header_custom_menu":"0","ocean_menu_typo_font_family":"0","ocean_menu_typo_font_subset":"","ocean_menu_typo_font_size":0,"ocean_menu_typo_font_size_tablet":0,"ocean_menu_typo_font_size_mobile":0,"ocean_menu_typo_font_size_unit":"px","ocean_menu_typo_font_weight":"","ocean_menu_typo_font_weight_tablet":"","ocean_menu_typo_font_weight_mobile":"","ocean_menu_typo_transform":"","ocean_menu_typo_transform_tablet":"","ocean_menu_typo_transform_mobile":"","ocean_menu_typo_line_height":0,"ocean_menu_typo_line_height_tablet":0,"ocean_menu_typo_line_height_mobile":0,"ocean_menu_typo_line_height_unit":"","ocean_menu_typo_spacing":0,"ocean_menu_typo_spacing_tablet":0,"ocean_menu_typo_spacing_mobile":0,"ocean_menu_typo_spacing_unit":"","ocean_menu_link_color":"","ocean_menu_link_color_hover":"","ocean_menu_link_color_active":"","ocean_menu_link_background":"","ocean_menu_link_hover_background":"","ocean_menu_link_active_background":"","ocean_menu_social_links_bg":"","ocean_menu_social_hover_links_bg":"","ocean_menu_social_links_color":"","ocean_menu_social_hover_links_color":"","ocean_disable_title":"default","ocean_disable_heading":"default","ocean_post_title":"","ocean_post_subheading":"","ocean_post_title_style":"","ocean_post_title_background_color":"","ocean_post_title_background":0,"ocean_post_title_bg_image_position":"","ocean_post_title_bg_image_attachment":"","ocean_post_title_bg_image_repeat":"","ocean_post_title_bg_image_size":"","ocean_post_title_height":0,"ocean_post_title_bg_overlay":0.5,"ocean_post_title_bg_overlay_color":"","ocean_disable_breadcrumbs":"default","ocean_breadcrumbs_color":"","ocean_breadcrumbs_separator_color":"","ocean_breadcrumbs_links_color":"","ocean_breadcrumbs_links_hover_color":"","ocean_display_footer_widgets":"default","ocean_display_footer_bottom":"default","ocean_custom_footer_template":"0"},"product_cat":[538,536,535],"product_tag":[],"class_list":{"0":"post-2206","1":"product","2":"type-product","3":"status-publish","4":"has-post-thumbnail","6":"product_cat-poliamida","7":"product_cat-alpaca","8":"product_cat-la","10":"entry","11":"has-media","13":"first","14":"instock","15":"taxable","16":"shipping-taxable","17":"purchasable","18":"product-type-variable","19":"has-product-nav","20":"col","21":"span_1_of_4","22":"owp-content-center","23":"owp-thumbs-layout-horizontal","24":"owp-btn-normal","25":"owp-tabs-layout-horizontal"},"_links":{"self":[{"href":"https:\/\/www.clubedetricot.com\/index.php?rest_route=\/wp\/v2\/product\/2206","targetHints":{"allow":["GET"]}}],"collection":[{"href":"https:\/\/www.clubedetricot.com\/index.php?rest_route=\/wp\/v2\/product"}],"about":[{"href":"https:\/\/www.clubedetricot.com\/index.php?rest_route=\/wp\/v2\/types\/product"}],"replies":[{"embeddable":true,"href":"https:\/\/www.clubedetricot.com\/index.php?rest_route=%2Fwp%2Fv2%2Fcomments&post=2206"}],"version-history":[{"count":2,"href":"https:\/\/www.clubedetricot.com\/index.php?rest_route=\/wp\/v2\/product\/2206\/revisions"}],"predecessor-version":[{"id":3992,"href":"https:\/\/www.clubedetricot.com\/index.php?rest_route=\/wp\/v2\/product\/2206\/revisions\/3992"}],"wp:featuredmedia":[{"embeddable":true,"href":"https:\/\/www.clubedetricot.com\/index.php?rest_route=\/wp\/v2\/media\/2210"}],"wp:attachment":[{"href":"https:\/\/www.clubedetricot.com\/index.php?rest_route=%2Fwp%2Fv2%2Fmedia&parent=2206"}],"wp:term":[{"taxonomy":"product_cat","embeddable":true,"href":"https:\/\/www.clubedetricot.com\/index.php?rest_route=%2Fwp%2Fv2%2Fproduct_cat&post=2206"},{"taxonomy":"product_tag","embeddable":true,"href":"https:\/\/www.clubedetricot.com\/index.php?rest_route=%2Fwp%2Fv2%2Fproduct_tag&post=2206"}],"curies":[{"name":"wp","href":"https:\/\/api.w.org\/{rel}","templated":true}]}}