{"id":2216,"date":"2024-05-18T17:56:51","date_gmt":"2024-05-18T17:56:51","guid":{"rendered":"https:\/\/www.clubedetricot.com\/?post_type=product&#038;p=2216"},"modified":"2025-11-01T00:10:09","modified_gmt":"2025-11-01T00:10:09","slug":"sky","status":"publish","type":"product","link":"https:\/\/www.clubedetricot.com\/?product=sky","title":{"rendered":"Sky"},"content":{"rendered":"<p><strong>Made in: <\/strong>Peru\/EU<br \/>\n<strong>Origem da mat\u00e9ria-prima:<\/strong> Alpaca e l\u00e3 proveniente da Am\u00e9rica do Sul, poliamida da It\u00e1lia<\/p>\n<div id=\"idTab1\" class=\"rte\">\n<p>Feito de uma combina\u00e7\u00e3o de 74% baby alpaca, 8% merino e 18% poliamida, o DROPS Sky \u00e9 muito suave, com uma textura similar ao DROPS Air, mas numa estrutura muito mais complexa em que o fio forma um tubo o que lhe permite ser muito leve, arejado e extremamente dur\u00e1vel.<\/p>\n<p>Ideal para projectos grandes tais como mantas, ponchos, casacos e pul\u00f4veres; e para acess\u00f3rios quentinhos como xailes, gorros e cachec\u00f3is, o DROPS Sky resulta em pe\u00e7as com uma bonita textura quando tricotadas no cl\u00e1ssico ponto de meia, bem como proporciona um excelente resultado em pontos texturados ou com torcidos.<\/p>\n<\/div>\n","protected":false},"excerpt":{"rendered":"<div class=\"row ypic\">\n<div class=\"col-12\">\n<div class=\"row ypic\">\n<div class=\"col-12\">\n<div class=\"row ypic\">\n<div class=\"col-12\">\n<div class=\"row\">\n<div class=\"col-10 col-sm-10 col-md-8 col-lg-10\">\n<h3 class=\"ytitle\">Um fio super suave e leve em baby alpaca e l\u00e3 merino<\/h3>\n<\/div>\n<\/div>\n<div class=\"row ypic\">\n<div class=\"col-12\">\n<p><strong>Composi\u00e7\u00e3o:<\/strong> 74% Alpaca, 18% Poliamida, 8% L\u00e3<br \/>\n<strong>Grupo de fios:<\/strong> <a href=\"https:\/\/www.garnstudio.com\/yarns.php?yarn-group=B&amp;cid=28\"> <u>B (20 &#8211; 22 malhas<\/u>) <\/a> \/ 8 ply \/ DK<br \/>\n<strong>Peso\/Metragem:<\/strong> 50 g = aprox. 190 m<br \/>\n<strong>Agulhas recomendadas:<\/strong> 4 mm<br \/>\n<strong>Gauge:<\/strong> 10 x 10 cm = 21 malhas x 28 carreiras<br \/>\n<strong>Manuten\u00e7\u00e3o<\/strong>: Lavar \u00e0 m\u00e3o \u00e0 temperatura m\u00e1xima de 30\u00b0C \/ Secar na horizontal \/ <u><a href=\"https:\/\/www.garnstudio.com\/felting-tips.php?cid=28\">Para feltragem<\/a><\/u><br \/>\n<strong>Superwash:<\/strong> n\u00e3o<\/p>\n<\/div>\n<\/div>\n<\/div>\n<\/div>\n<\/div>\n<\/div>\n<\/div>\n<\/div>\n","protected":false},"featured_media":2222,"comment_status":"open","ping_status":"closed","template":"","meta":{"ocean_post_layout":"","ocean_both_sidebars_style":"","ocean_both_sidebars_content_width":0,"ocean_both_sidebars_sidebars_width":0,"ocean_sidebar":"0","ocean_second_sidebar":"0","ocean_disable_margins":"enable","ocean_add_body_class":"","ocean_shortcode_before_top_bar":"","ocean_shortcode_after_top_bar":"","ocean_shortcode_before_header":"","ocean_shortcode_after_header":"","ocean_has_shortcode":"","ocean_shortcode_after_title":"","ocean_shortcode_before_footer_widgets":"","ocean_shortcode_after_footer_widgets":"","ocean_shortcode_before_footer_bottom":"","ocean_shortcode_after_footer_bottom":"","ocean_display_top_bar":"default","ocean_display_header":"default","ocean_header_style":"","ocean_center_header_left_menu":"0","ocean_custom_header_template":"0","ocean_custom_logo":0,"ocean_custom_retina_logo":0,"ocean_custom_logo_max_width":0,"ocean_custom_logo_tablet_max_width":0,"ocean_custom_logo_mobile_max_width":0,"ocean_custom_logo_max_height":0,"ocean_custom_logo_tablet_max_height":0,"ocean_custom_logo_mobile_max_height":0,"ocean_header_custom_menu":"0","ocean_menu_typo_font_family":"0","ocean_menu_typo_font_subset":"","ocean_menu_typo_font_size":0,"ocean_menu_typo_font_size_tablet":0,"ocean_menu_typo_font_size_mobile":0,"ocean_menu_typo_font_size_unit":"px","ocean_menu_typo_font_weight":"","ocean_menu_typo_font_weight_tablet":"","ocean_menu_typo_font_weight_mobile":"","ocean_menu_typo_transform":"","ocean_menu_typo_transform_tablet":"","ocean_menu_typo_transform_mobile":"","ocean_menu_typo_line_height":0,"ocean_menu_typo_line_height_tablet":0,"ocean_menu_typo_line_height_mobile":0,"ocean_menu_typo_line_height_unit":"","ocean_menu_typo_spacing":0,"ocean_menu_typo_spacing_tablet":0,"ocean_menu_typo_spacing_mobile":0,"ocean_menu_typo_spacing_unit":"","ocean_menu_link_color":"","ocean_menu_link_color_hover":"","ocean_menu_link_color_active":"","ocean_menu_link_background":"","ocean_menu_link_hover_background":"","ocean_menu_link_active_background":"","ocean_menu_social_links_bg":"","ocean_menu_social_hover_links_bg":"","ocean_menu_social_links_color":"","ocean_menu_social_hover_links_color":"","ocean_disable_title":"default","ocean_disable_heading":"default","ocean_post_title":"","ocean_post_subheading":"","ocean_post_title_style":"","ocean_post_title_background_color":"","ocean_post_title_background":0,"ocean_post_title_bg_image_position":"","ocean_post_title_bg_image_attachment":"","ocean_post_title_bg_image_repeat":"","ocean_post_title_bg_image_size":"","ocean_post_title_height":0,"ocean_post_title_bg_overlay":0.5,"ocean_post_title_bg_overlay_color":"","ocean_disable_breadcrumbs":"default","ocean_breadcrumbs_color":"","ocean_breadcrumbs_separator_color":"","ocean_breadcrumbs_links_color":"","ocean_breadcrumbs_links_hover_color":"","ocean_display_footer_widgets":"default","ocean_display_footer_bottom":"default","ocean_custom_footer_template":"0"},"product_cat":[539,538,536,535],"product_tag":[],"class_list":{"0":"post-2216","1":"product","2":"type-product","3":"status-publish","4":"has-post-thumbnail","6":"product_cat-para-feltrar","7":"product_cat-poliamida","8":"product_cat-alpaca","9":"product_cat-la","11":"entry","12":"has-media","14":"first","15":"instock","16":"taxable","17":"shipping-taxable","18":"purchasable","19":"product-type-variable","20":"has-product-nav","21":"col","22":"span_1_of_4","23":"owp-content-center","24":"owp-thumbs-layout-horizontal","25":"owp-btn-normal","26":"owp-tabs-layout-horizontal"},"_links":{"self":[{"href":"https:\/\/www.clubedetricot.com\/index.php?rest_route=\/wp\/v2\/product\/2216","targetHints":{"allow":["GET"]}}],"collection":[{"href":"https:\/\/www.clubedetricot.com\/index.php?rest_route=\/wp\/v2\/product"}],"about":[{"href":"https:\/\/www.clubedetricot.com\/index.php?rest_route=\/wp\/v2\/types\/product"}],"replies":[{"embeddable":true,"href":"https:\/\/www.clubedetricot.com\/index.php?rest_route=%2Fwp%2Fv2%2Fcomments&post=2216"}],"version-history":[{"count":4,"href":"https:\/\/www.clubedetricot.com\/index.php?rest_route=\/wp\/v2\/product\/2216\/revisions"}],"predecessor-version":[{"id":3721,"href":"https:\/\/www.clubedetricot.com\/index.php?rest_route=\/wp\/v2\/product\/2216\/revisions\/3721"}],"wp:featuredmedia":[{"embeddable":true,"href":"https:\/\/www.clubedetricot.com\/index.php?rest_route=\/wp\/v2\/media\/2222"}],"wp:attachment":[{"href":"https:\/\/www.clubedetricot.com\/index.php?rest_route=%2Fwp%2Fv2%2Fmedia&parent=2216"}],"wp:term":[{"taxonomy":"product_cat","embeddable":true,"href":"https:\/\/www.clubedetricot.com\/index.php?rest_route=%2Fwp%2Fv2%2Fproduct_cat&post=2216"},{"taxonomy":"product_tag","embeddable":true,"href":"https:\/\/www.clubedetricot.com\/index.php?rest_route=%2Fwp%2Fv2%2Fproduct_tag&post=2216"}],"curies":[{"name":"wp","href":"https:\/\/api.w.org\/{rel}","templated":true}]}}