{"id":2295,"date":"2024-05-29T16:50:06","date_gmt":"2024-05-29T16:50:06","guid":{"rendered":"https:\/\/www.clubedetricot.com\/?post_type=product&#038;p=2295"},"modified":"2026-03-01T00:03:35","modified_gmt":"2026-03-01T00:03:35","slug":"fabel","status":"publish","type":"product","link":"https:\/\/www.clubedetricot.com\/?product=fabel","title":{"rendered":"Fabel"},"content":{"rendered":"<p><span style=\"color: #000000;font-family: arial, helvetica, sans-serif;font-size: 12pt\">Resistente como s\u00f3 um fio para meias o pode ser ! Comparado aos outros fios para meias de toque rugoso, o DROPS Fabel \u00e9 fiado numa qualidade de l\u00e3 macia. Por isso, \u00e9 um fio fant\u00e1stico para o ano todo, perfeito para muitos mais projectos que simples meias \u2013 experimente us\u00e1-lo para roupa de crian\u00e7a !<\/span><\/p>\n<p><span style=\"color: #000000;font-family: arial, helvetica, sans-serif;font-size: 12pt\">O DROPS Fabel \u00e9 uma l\u00e3 de 4 fios com tratamento superwash, o que faz com que possa ser lavado \u00e0 m\u00e1quina e seja de f\u00e1cil manuten\u00e7\u00e3o. Dispon\u00edvel em cores print, esta gama \u00e9 produzida com um m\u00e9todo chamado \u00ab fany dyeing \u00bb, que, contrariamente aos outros m\u00e9todos, pode dar pequenas diferen\u00e7as tanto quanto aos motivos quanto \u00e0s nuances num mesmo banho de tingimento. N\u00e3o se trata de um erro mas, apenas, de uma das caracter\u00edsticas deste fio.<\/span><\/p>\n<p><span style=\"color: #000000;font-family: arial, helvetica, sans-serif;font-size: 12pt\">Este fio foi testado e que \u00e9 totalmente isento de subst\u00e2ncias perigosas e \u00e9 considerado seguro tanto para os humanos como a n\u00edvel ecol\u00f3gico. A Classe I \u00e9 o n\u00edvel de certifica\u00e7\u00e3o mais elevado e significa que o fio \u00e9 adequado para artigos de beb\u00e9s (idades 0-3 anos).<\/span><\/p>\n<p><span style=\"color: #000000;font-family: arial, helvetica, sans-serif;font-size: 12pt\">Manufacturado na UE. Esta qualidade possui o certificado Oeko-Tex\u00ae.<\/span><\/p>\n<p>&nbsp;<\/p>\n","protected":false},"excerpt":{"rendered":"<p><strong>Composi\u00e7\u00e3o:<\/strong>\u00a075% l\u00e3, 25% poliamida<br \/>\n<strong>Grupo de fios:<\/strong>\u00a0<a href=\"https:\/\/www.garnstudio.com\/yarns.php?yarn-group=A&amp;cid=28\"><u>A (23 &#8211; 26 malhas<\/u>)\u00a0<\/a>\/ 4 ply \/ fingering<br \/>\n<strong>Peso\/Metragem:<\/strong>\u00a050 g = aprox. 205 m<br \/>\n<strong>Agulhas recomendadas:<\/strong>\u00a03 mm<br \/>\n<strong>Gauge:<\/strong>\u00a010 x 10 cm = 24 malhas x 32 carreiras<br \/>\n<strong>Manuten\u00e7\u00e3o<\/strong>: Lavar \u00e0 m\u00e1quina em programa l\u00e3 \u00e0 temperatura m\u00e1xima de 40\u00b0C \/ N\u00e3o usar amaciador\/Secar na horizontal<br \/>\n<strong>Superwash:<\/strong>\u00a0sim<\/p>\n","protected":false},"featured_media":2498,"comment_status":"open","ping_status":"closed","template":"","meta":{"ocean_post_layout":"","ocean_both_sidebars_style":"","ocean_both_sidebars_content_width":0,"ocean_both_sidebars_sidebars_width":0,"ocean_sidebar":"0","ocean_second_sidebar":"0","ocean_disable_margins":"enable","ocean_add_body_class":"","ocean_shortcode_before_top_bar":"","ocean_shortcode_after_top_bar":"","ocean_shortcode_before_header":"","ocean_shortcode_after_header":"","ocean_has_shortcode":"","ocean_shortcode_after_title":"","ocean_shortcode_before_footer_widgets":"","ocean_shortcode_after_footer_widgets":"","ocean_shortcode_before_footer_bottom":"","ocean_shortcode_after_footer_bottom":"","ocean_display_top_bar":"default","ocean_display_header":"default","ocean_header_style":"","ocean_center_header_left_menu":"0","ocean_custom_header_template":"0","ocean_custom_logo":0,"ocean_custom_retina_logo":0,"ocean_custom_logo_max_width":0,"ocean_custom_logo_tablet_max_width":0,"ocean_custom_logo_mobile_max_width":0,"ocean_custom_logo_max_height":0,"ocean_custom_logo_tablet_max_height":0,"ocean_custom_logo_mobile_max_height":0,"ocean_header_custom_menu":"0","ocean_menu_typo_font_family":"0","ocean_menu_typo_font_subset":"","ocean_menu_typo_font_size":0,"ocean_menu_typo_font_size_tablet":0,"ocean_menu_typo_font_size_mobile":0,"ocean_menu_typo_font_size_unit":"px","ocean_menu_typo_font_weight":"","ocean_menu_typo_font_weight_tablet":"","ocean_menu_typo_font_weight_mobile":"","ocean_menu_typo_transform":"","ocean_menu_typo_transform_tablet":"","ocean_menu_typo_transform_mobile":"","ocean_menu_typo_line_height":0,"ocean_menu_typo_line_height_tablet":0,"ocean_menu_typo_line_height_mobile":0,"ocean_menu_typo_line_height_unit":"","ocean_menu_typo_spacing":0,"ocean_menu_typo_spacing_tablet":0,"ocean_menu_typo_spacing_mobile":0,"ocean_menu_typo_spacing_unit":"","ocean_menu_link_color":"","ocean_menu_link_color_hover":"","ocean_menu_link_color_active":"","ocean_menu_link_background":"","ocean_menu_link_hover_background":"","ocean_menu_link_active_background":"","ocean_menu_social_links_bg":"","ocean_menu_social_hover_links_bg":"","ocean_menu_social_links_color":"","ocean_menu_social_hover_links_color":"","ocean_disable_title":"default","ocean_disable_heading":"default","ocean_post_title":"","ocean_post_subheading":"","ocean_post_title_style":"","ocean_post_title_background_color":"","ocean_post_title_background":0,"ocean_post_title_bg_image_position":"","ocean_post_title_bg_image_attachment":"","ocean_post_title_bg_image_repeat":"","ocean_post_title_bg_image_size":"","ocean_post_title_height":0,"ocean_post_title_bg_overlay":0.5,"ocean_post_title_bg_overlay_color":"","ocean_disable_breadcrumbs":"default","ocean_breadcrumbs_color":"","ocean_breadcrumbs_separator_color":"","ocean_breadcrumbs_links_color":"","ocean_breadcrumbs_links_hover_color":"","ocean_display_footer_widgets":"default","ocean_display_footer_bottom":"default","ocean_custom_footer_template":"0"},"product_cat":[538,535,46],"product_tag":[],"class_list":{"0":"post-2295","1":"product","2":"type-product","3":"status-publish","4":"has-post-thumbnail","6":"product_cat-poliamida","7":"product_cat-la","8":"product_cat-superwash","10":"entry","11":"has-media","13":"first","14":"instock","15":"taxable","16":"shipping-taxable","17":"purchasable","18":"product-type-variable","19":"has-product-nav","20":"col","21":"span_1_of_4","22":"owp-content-center","23":"owp-thumbs-layout-horizontal","24":"owp-btn-normal","25":"owp-tabs-layout-horizontal"},"_links":{"self":[{"href":"https:\/\/www.clubedetricot.com\/index.php?rest_route=\/wp\/v2\/product\/2295","targetHints":{"allow":["GET"]}}],"collection":[{"href":"https:\/\/www.clubedetricot.com\/index.php?rest_route=\/wp\/v2\/product"}],"about":[{"href":"https:\/\/www.clubedetricot.com\/index.php?rest_route=\/wp\/v2\/types\/product"}],"replies":[{"embeddable":true,"href":"https:\/\/www.clubedetricot.com\/index.php?rest_route=%2Fwp%2Fv2%2Fcomments&post=2295"}],"version-history":[{"count":9,"href":"https:\/\/www.clubedetricot.com\/index.php?rest_route=\/wp\/v2\/product\/2295\/revisions"}],"predecessor-version":[{"id":4310,"href":"https:\/\/www.clubedetricot.com\/index.php?rest_route=\/wp\/v2\/product\/2295\/revisions\/4310"}],"wp:featuredmedia":[{"embeddable":true,"href":"https:\/\/www.clubedetricot.com\/index.php?rest_route=\/wp\/v2\/media\/2498"}],"wp:attachment":[{"href":"https:\/\/www.clubedetricot.com\/index.php?rest_route=%2Fwp%2Fv2%2Fmedia&parent=2295"}],"wp:term":[{"taxonomy":"product_cat","embeddable":true,"href":"https:\/\/www.clubedetricot.com\/index.php?rest_route=%2Fwp%2Fv2%2Fproduct_cat&post=2295"},{"taxonomy":"product_tag","embeddable":true,"href":"https:\/\/www.clubedetricot.com\/index.php?rest_route=%2Fwp%2Fv2%2Fproduct_tag&post=2295"}],"curies":[{"name":"wp","href":"https:\/\/api.w.org\/{rel}","templated":true}]}}