{"id":4049,"date":"2025-04-08T21:02:00","date_gmt":"2025-04-08T21:02:00","guid":{"rendered":"https:\/\/www.clubedetricot.com\/?post_type=product&#038;p=4049"},"modified":"2025-04-08T21:26:46","modified_gmt":"2025-04-08T21:26:46","slug":"botoes-coco-copia","status":"publish","type":"product","link":"https:\/\/www.clubedetricot.com\/?product=botoes-coco-copia","title":{"rendered":"Bot\u00f5es Tigre C\u00f4co"},"content":{"rendered":"<p><strong>Feito em:\u00a0<\/strong>Germany<br \/>\n<strong>Origem da mat\u00e9ria-prima:\u00a0<\/strong>Coco do Vietname<\/p>\n<p>Bot\u00f5es amorosos feitos de casca de coco com a forma de um tigre. Os bot\u00f5es feitos de casca de coco n\u00e3o s\u00f3 s\u00e3o dur\u00e1veis como amigos do ambiente e t\u00eam um aspecto e um toque verdadeiramente org\u00e2nico que ir\u00e1 passar para os seus projectos.<\/p>\n<p>Talhados de uma mat\u00e9ria natural, cada bot\u00e3o apresenta leves varia\u00e7\u00f5es quanto \u00e0 cor e \u00e0 textura e pode ser usado de ambos os lados se quiser obter um look diferente.<\/p>\n","protected":false},"excerpt":{"rendered":"<h2 id=\"buttonModalLabel515\" class=\"mt-4\">Tigre Coco no. 801<\/h2>\n<h6><strong>Tam.:15<\/strong>mm<\/h6>\n<h2 class=\"mt-4\"><\/h2>\n<p>Bot\u00f5es em coco natural.<\/p>\n","protected":false},"featured_media":4050,"comment_status":"open","ping_status":"closed","template":"","meta":{"ocean_post_layout":"","ocean_both_sidebars_style":"","ocean_both_sidebars_content_width":0,"ocean_both_sidebars_sidebars_width":0,"ocean_sidebar":"0","ocean_second_sidebar":"0","ocean_disable_margins":"enable","ocean_add_body_class":"","ocean_shortcode_before_top_bar":"","ocean_shortcode_after_top_bar":"","ocean_shortcode_before_header":"","ocean_shortcode_after_header":"","ocean_has_shortcode":"","ocean_shortcode_after_title":"","ocean_shortcode_before_footer_widgets":"","ocean_shortcode_after_footer_widgets":"","ocean_shortcode_before_footer_bottom":"","ocean_shortcode_after_footer_bottom":"","ocean_display_top_bar":"default","ocean_display_header":"default","ocean_header_style":"","ocean_center_header_left_menu":"0","ocean_custom_header_template":"0","ocean_custom_logo":0,"ocean_custom_retina_logo":0,"ocean_custom_logo_max_width":0,"ocean_custom_logo_tablet_max_width":0,"ocean_custom_logo_mobile_max_width":0,"ocean_custom_logo_max_height":0,"ocean_custom_logo_tablet_max_height":0,"ocean_custom_logo_mobile_max_height":0,"ocean_header_custom_menu":"0","ocean_menu_typo_font_family":"0","ocean_menu_typo_font_subset":"","ocean_menu_typo_font_size":0,"ocean_menu_typo_font_size_tablet":0,"ocean_menu_typo_font_size_mobile":0,"ocean_menu_typo_font_size_unit":"px","ocean_menu_typo_font_weight":"","ocean_menu_typo_font_weight_tablet":"","ocean_menu_typo_font_weight_mobile":"","ocean_menu_typo_transform":"","ocean_menu_typo_transform_tablet":"","ocean_menu_typo_transform_mobile":"","ocean_menu_typo_line_height":0,"ocean_menu_typo_line_height_tablet":0,"ocean_menu_typo_line_height_mobile":0,"ocean_menu_typo_line_height_unit":"","ocean_menu_typo_spacing":0,"ocean_menu_typo_spacing_tablet":0,"ocean_menu_typo_spacing_mobile":0,"ocean_menu_typo_spacing_unit":"","ocean_menu_link_color":"","ocean_menu_link_color_hover":"","ocean_menu_link_color_active":"","ocean_menu_link_background":"","ocean_menu_link_hover_background":"","ocean_menu_link_active_background":"","ocean_menu_social_links_bg":"","ocean_menu_social_hover_links_bg":"","ocean_menu_social_links_color":"","ocean_menu_social_hover_links_color":"","ocean_disable_title":"default","ocean_disable_heading":"default","ocean_post_title":"","ocean_post_subheading":"","ocean_post_title_style":"","ocean_post_title_background_color":"","ocean_post_title_background":0,"ocean_post_title_bg_image_position":"","ocean_post_title_bg_image_attachment":"","ocean_post_title_bg_image_repeat":"","ocean_post_title_bg_image_size":"","ocean_post_title_height":0,"ocean_post_title_bg_overlay":0.5,"ocean_post_title_bg_overlay_color":"","ocean_disable_breadcrumbs":"default","ocean_breadcrumbs_color":"","ocean_breadcrumbs_separator_color":"","ocean_breadcrumbs_links_color":"","ocean_breadcrumbs_links_hover_color":"","ocean_display_footer_widgets":"default","ocean_display_footer_bottom":"default","ocean_custom_footer_template":"0"},"product_cat":[16,32],"product_tag":[],"class_list":{"0":"post-4049","1":"product","2":"type-product","3":"status-publish","4":"has-post-thumbnail","6":"product_cat-acessorios","7":"product_cat-botoes","9":"entry","10":"has-media","12":"first","13":"instock","14":"taxable","15":"shipping-taxable","16":"purchasable","17":"product-type-simple","18":"has-product-nav","19":"col","20":"span_1_of_4","21":"owp-content-center","22":"owp-thumbs-layout-horizontal","23":"owp-btn-normal","24":"owp-tabs-layout-horizontal"},"_links":{"self":[{"href":"https:\/\/www.clubedetricot.com\/index.php?rest_route=\/wp\/v2\/product\/4049","targetHints":{"allow":["GET"]}}],"collection":[{"href":"https:\/\/www.clubedetricot.com\/index.php?rest_route=\/wp\/v2\/product"}],"about":[{"href":"https:\/\/www.clubedetricot.com\/index.php?rest_route=\/wp\/v2\/types\/product"}],"replies":[{"embeddable":true,"href":"https:\/\/www.clubedetricot.com\/index.php?rest_route=%2Fwp%2Fv2%2Fcomments&post=4049"}],"version-history":[{"count":3,"href":"https:\/\/www.clubedetricot.com\/index.php?rest_route=\/wp\/v2\/product\/4049\/revisions"}],"predecessor-version":[{"id":4055,"href":"https:\/\/www.clubedetricot.com\/index.php?rest_route=\/wp\/v2\/product\/4049\/revisions\/4055"}],"wp:featuredmedia":[{"embeddable":true,"href":"https:\/\/www.clubedetricot.com\/index.php?rest_route=\/wp\/v2\/media\/4050"}],"wp:attachment":[{"href":"https:\/\/www.clubedetricot.com\/index.php?rest_route=%2Fwp%2Fv2%2Fmedia&parent=4049"}],"wp:term":[{"taxonomy":"product_cat","embeddable":true,"href":"https:\/\/www.clubedetricot.com\/index.php?rest_route=%2Fwp%2Fv2%2Fproduct_cat&post=4049"},{"taxonomy":"product_tag","embeddable":true,"href":"https:\/\/www.clubedetricot.com\/index.php?rest_route=%2Fwp%2Fv2%2Fproduct_tag&post=4049"}],"curies":[{"name":"wp","href":"https:\/\/api.w.org\/{rel}","templated":true}]}}